{"id":24,"date":"2021-12-10T10:35:43","date_gmt":"2021-12-10T10:35:43","guid":{"rendered":"https:\/\/teatraspastatas.lithuaniantheatre.com\/en\/?page_id=24"},"modified":"2024-03-19T20:29:37","modified_gmt":"2024-03-19T20:29:37","slug":"apie","status":"publish","type":"page","link":"https:\/\/teatraspastatas.lithuaniantheatre.com\/en\/apie\/","title":{"rendered":"About"},"content":{"rendered":"<p class=\"p1\"><span class=\"s1\">\u201cTheatre as a Building\u201d is a project initiated by NGO Lithuanian Information Center to present the most valuable and most interesting Lithuanian theatre building from the perspective of their architecture. The goal is to uncover the way in which imaginative reality (the reality of the performance) and urban reality (the reality of the city) happens in each of the chosen building examples.<\/span><\/p>\n<p class=\"p1\"><span class=\"s1\">The project \u201cTheatre as a Building\u201d analyses 9 theatre buildings from the cities of Vilnius, Kaunas, Klaip\u0117da, \u0160iauliai and Panev\u0117\u017eys. Chosen virtual multimedia tour format with the help of curated texts, historical archives and technical sketches, contemporary photographs, special infographics, timelines and videos done by the procet creative team helps to dive into the different spaces and times. On the project website visitors can find 9 theatre building tours as well as 3 research texts written by theatre and architecture researchers.<\/span><\/p>\n<p class=\"p1\"><span class=\"s1\"><b>9 THEATRE BUILDINGS:<\/b><\/span><\/p>\n<ul class=\"ul1\">\n<li class=\"li1\"><span class=\"s1\">Klaip\u0117da Drama Theatre (Teatro str. 2, Klaip\u0117da)<\/span><\/li>\n<li class=\"li1\"><span class=\"s1\">Kaunas State Musical Theatre (Laisv\u0117s av. 91, Kaunas)<\/span><\/li>\n<li class=\"li1\"><span class=\"s1\">The Old Theatre of Vilnius (J. Basanavi\u010dius str. 13, Vilnius)<\/span><\/li>\n<li class=\"li1\"><span class=\"s1\">\u0160iauliai State Drama Theatre (Til\u017e\u0117s str. 155, \u0160iauliai)<\/span><\/li>\n<li class=\"li1\"><span class=\"s1\">National Kaunas Drama Theatre (Laisv\u0117s av. 71, Kaunas)<\/span><\/li>\n<li class=\"li1\"><span class=\"s1\">Juozas Miltinis Drama Theatre (Panev\u0117\u017eys) (Laisv\u0117s av. 5, Panev\u0117\u017eys)<\/span><\/li>\n<li class=\"li1\"><span class=\"s1\">Lithuanian National Opera and Ballet Theatre teatras (A.\u00a0Vienuolio str. 1, Vilnius)<\/span><\/li>\n<li class=\"li1\"><span class=\"s1\">Lithuanian Natrional Drama Theatre (Gedimino av. 4, Vilnius)<\/span><\/li>\n<li class=\"li1\"><span class=\"s1\">The State Small Theatre of Vilnius (Gedimino av. 22, Vilnius)<\/span><\/li>\n<\/ul>\n<p>English translation by Egl\u0117 Naujokaityt\u0117<\/p>\n<p>&nbsp;<\/p>\n","protected":false},"excerpt":{"rendered":"<p>\u201cTheatre as a Building\u201d is a project initiated by NGO Lithuanian Information Center to present the most valuable and most interesting Lithuanian theatre building from the perspective of their architecture. The goal is to uncover the way in which imaginative reality (the reality of the performance) and urban reality (the reality of the city) happens [&hellip;]<\/p>\n","protected":false},"author":1,"featured_media":0,"parent":0,"menu_order":0,"comment_status":"closed","ping_status":"closed","template":"","meta":{"footnotes":""},"class_list":["post-24","page","type-page","status-publish","hentry"],"acf":[],"_links":{"self":[{"href":"https:\/\/teatraspastatas.lithuaniantheatre.com\/en\/wp-json\/wp\/v2\/pages\/24","targetHints":{"allow":["GET"]}}],"collection":[{"href":"https:\/\/teatraspastatas.lithuaniantheatre.com\/en\/wp-json\/wp\/v2\/pages"}],"about":[{"href":"https:\/\/teatraspastatas.lithuaniantheatre.com\/en\/wp-json\/wp\/v2\/types\/page"}],"author":[{"embeddable":true,"href":"https:\/\/teatraspastatas.lithuaniantheatre.com\/en\/wp-json\/wp\/v2\/users\/1"}],"replies":[{"embeddable":true,"href":"https:\/\/teatraspastatas.lithuaniantheatre.com\/en\/wp-json\/wp\/v2\/comments?post=24"}],"version-history":[{"count":9,"href":"https:\/\/teatraspastatas.lithuaniantheatre.com\/en\/wp-json\/wp\/v2\/pages\/24\/revisions"}],"predecessor-version":[{"id":1296,"href":"https:\/\/teatraspastatas.lithuaniantheatre.com\/en\/wp-json\/wp\/v2\/pages\/24\/revisions\/1296"}],"wp:attachment":[{"href":"https:\/\/teatraspastatas.lithuaniantheatre.com\/en\/wp-json\/wp\/v2\/media?parent=24"}],"curies":[{"name":"wp","href":"https:\/\/api.w.org\/{rel}","templated":true}]}}