{"id":29,"date":"2021-12-10T10:36:57","date_gmt":"2021-12-10T10:36:57","guid":{"rendered":"https:\/\/teatraspastatas.lithuaniantheatre.com\/en\/?page_id=29"},"modified":"2022-01-27T10:56:20","modified_gmt":"2022-01-27T10:56:20","slug":"6-miltinio-dramos-teatras","status":"publish","type":"page","link":"https:\/\/teatraspastatas.lithuaniantheatre.com\/en\/pastatai\/6-miltinio-dramos-teatras\/","title":{"rendered":"Juozas Miltinis drama theatre (Panev\u0117\u017eys)"},"content":{"rendered":"<p><span style=\"font-weight: 400;\">Laisv\u0117s a. 5<\/span><\/p>\n<p><span style=\"font-weight: 400;\">76<\/span><\/p>\n<p><span style=\"font-weight: 400;\">Did\u017eioji, Ma\u017eoji ir <\/span><span style=\"font-weight: 400;\">\u201e<\/span><span style=\"font-weight: 400;\">Miltinio laboratorija<\/span><span style=\"font-weight: 400;\">\u201c<\/span><\/p>\n<p><span style=\"font-weight: 400;\">1968 m.<\/span><\/p>\n<p><span style=\"font-weight: 400;\">Lina Sirtaut\u0117<\/span><\/p>\n","protected":false},"excerpt":{"rendered":"<p>Laisv\u0117s a. 5 76 Did\u017eioji, Ma\u017eoji ir \u201eMiltinio laboratorija\u201c 1968 m. Lina Sirtaut\u0117<\/p>\n","protected":false},"author":1,"featured_media":979,"parent":7,"menu_order":0,"comment_status":"closed","ping_status":"closed","template":"","meta":{"footnotes":""},"class_list":["post-29","page","type-page","status-publish","has-post-thumbnail","hentry"],"acf":[],"_links":{"self":[{"href":"https:\/\/teatraspastatas.lithuaniantheatre.com\/en\/wp-json\/wp\/v2\/pages\/29","targetHints":{"allow":["GET"]}}],"collection":[{"href":"https:\/\/teatraspastatas.lithuaniantheatre.com\/en\/wp-json\/wp\/v2\/pages"}],"about":[{"href":"https:\/\/teatraspastatas.lithuaniantheatre.com\/en\/wp-json\/wp\/v2\/types\/page"}],"author":[{"embeddable":true,"href":"https:\/\/teatraspastatas.lithuaniantheatre.com\/en\/wp-json\/wp\/v2\/users\/1"}],"replies":[{"embeddable":true,"href":"https:\/\/teatraspastatas.lithuaniantheatre.com\/en\/wp-json\/wp\/v2\/comments?post=29"}],"version-history":[{"count":13,"href":"https:\/\/teatraspastatas.lithuaniantheatre.com\/en\/wp-json\/wp\/v2\/pages\/29\/revisions"}],"predecessor-version":[{"id":980,"href":"https:\/\/teatraspastatas.lithuaniantheatre.com\/en\/wp-json\/wp\/v2\/pages\/29\/revisions\/980"}],"up":[{"embeddable":true,"href":"https:\/\/teatraspastatas.lithuaniantheatre.com\/en\/wp-json\/wp\/v2\/pages\/7"}],"wp:featuredmedia":[{"embeddable":true,"href":"https:\/\/teatraspastatas.lithuaniantheatre.com\/en\/wp-json\/wp\/v2\/media\/979"}],"wp:attachment":[{"href":"https:\/\/teatraspastatas.lithuaniantheatre.com\/en\/wp-json\/wp\/v2\/media?parent=29"}],"curies":[{"name":"wp","href":"https:\/\/api.w.org\/{rel}","templated":true}]}}