{"id":9,"date":"2021-12-08T11:26:34","date_gmt":"2021-12-08T11:26:34","guid":{"rendered":"https:\/\/teatraspastatas.lithuaniantheatre.com\/en\/?page_id=9"},"modified":"2022-02-09T10:57:48","modified_gmt":"2022-02-09T10:57:48","slug":"4-siauliu-dramos-teatras","status":"publish","type":"page","link":"https:\/\/teatraspastatas.lithuaniantheatre.com\/en\/pastatai\/4-siauliu-dramos-teatras\/","title":{"rendered":"\u0160iauliai state drama theatre"},"content":{"rendered":"<p>Til\u017e\u0117s g. 155<\/p>\n<p>84<\/p>\n<p>Did\u017eioji ir Ma\u017eoji<\/p>\n<p>1941 m.<\/p>\n<p>Lina Sirtaut\u0117<\/p>\n","protected":false},"excerpt":{"rendered":"<p>Til\u017e\u0117s g. 155 84 Did\u017eioji ir Ma\u017eoji 1941 m. Lina Sirtaut\u0117<\/p>\n","protected":false},"author":1,"featured_media":1264,"parent":7,"menu_order":0,"comment_status":"closed","ping_status":"closed","template":"","meta":{"footnotes":""},"class_list":["post-9","page","type-page","status-publish","has-post-thumbnail","hentry"],"acf":[],"_links":{"self":[{"href":"https:\/\/teatraspastatas.lithuaniantheatre.com\/en\/wp-json\/wp\/v2\/pages\/9","targetHints":{"allow":["GET"]}}],"collection":[{"href":"https:\/\/teatraspastatas.lithuaniantheatre.com\/en\/wp-json\/wp\/v2\/pages"}],"about":[{"href":"https:\/\/teatraspastatas.lithuaniantheatre.com\/en\/wp-json\/wp\/v2\/types\/page"}],"author":[{"embeddable":true,"href":"https:\/\/teatraspastatas.lithuaniantheatre.com\/en\/wp-json\/wp\/v2\/users\/1"}],"replies":[{"embeddable":true,"href":"https:\/\/teatraspastatas.lithuaniantheatre.com\/en\/wp-json\/wp\/v2\/comments?post=9"}],"version-history":[{"count":25,"href":"https:\/\/teatraspastatas.lithuaniantheatre.com\/en\/wp-json\/wp\/v2\/pages\/9\/revisions"}],"predecessor-version":[{"id":1290,"href":"https:\/\/teatraspastatas.lithuaniantheatre.com\/en\/wp-json\/wp\/v2\/pages\/9\/revisions\/1290"}],"up":[{"embeddable":true,"href":"https:\/\/teatraspastatas.lithuaniantheatre.com\/en\/wp-json\/wp\/v2\/pages\/7"}],"wp:featuredmedia":[{"embeddable":true,"href":"https:\/\/teatraspastatas.lithuaniantheatre.com\/en\/wp-json\/wp\/v2\/media\/1264"}],"wp:attachment":[{"href":"https:\/\/teatraspastatas.lithuaniantheatre.com\/en\/wp-json\/wp\/v2\/media?parent=9"}],"curies":[{"name":"wp","href":"https:\/\/api.w.org\/{rel}","templated":true}]}}